{"id":9433,"date":"2024-08-16T17:01:52","date_gmt":"2024-08-16T17:01:52","guid":{"rendered":"https:\/\/blueviewyachts.com\/yachts-for-charter\/"},"modified":"2024-09-13T10:23:48","modified_gmt":"2024-09-13T10:23:48","slug":"yachts","status":"publish","type":"page","link":"https:\/\/blueviewyachts.com\/en\/yachts\/","title":{"rendered":"Yachts"},"content":{"rendered":"\t\t<div data-elementor-type=\"wp-page\" data-elementor-id=\"9433\" class=\"elementor elementor-9433 elementor-8860\" data-elementor-post-type=\"page\">\n\t\t\t\t<div class=\"wd-negative-gap elementor-element elementor-element-758edf77 wd-section-stretch e-flex e-con-boxed e-con e-parent\" data-id=\"758edf77\" data-element_type=\"container\" data-settings=\"{&quot;background_background&quot;:&quot;classic&quot;}\">\n\t\t\t\t\t<div class=\"e-con-inner\">\n\t\t\t\t<div class=\"elementor-element elementor-element-dd30459 wd-width-100 elementor-widget elementor-widget-wd_title\" data-id=\"dd30459\" data-element_type=\"widget\" data-widget_type=\"wd_title.default\">\n\t\t\t\t<div class=\"elementor-widget-container\">\n\t\t\t\t\t<div class=\"title-wrapper set-mb-s reset-last-child wd-title-color-primary wd-title-style-simple wd-title-size-default text-center\">\n\n\t\t\t\t\t\t\t<div class=\"title-subtitle subtitle-color-primary subtitle-style-default wd-fontsize-xs\">\n\t\t\t\t\tBlue View Yachts\t\t\t\t<\/div>\n\t\t\t\n\t\t\t<div class=\"liner-continer\">\n\t\t\t\t<h4 class=\"woodmart-title-container title wd-fontsize-l\">YACHTS FOR RENT<\/h4> \n\t\t\t\t\t\t\t<\/div>\n\n\t\t\t\t\t<\/div>\n\t\t\t\t<\/div>\n\t\t\t\t<\/div>\n\t\t\t\t<div class=\"elementor-element elementor-element-91bc914 wd-width-100 elementor-widget elementor-widget-wd_products\" data-id=\"91bc914\" data-element_type=\"widget\" data-widget_type=\"wd_products.default\">\n\t\t\t\t<div class=\"elementor-widget-container\">\n\t\t\t\t\t\t\t\t<div class=\"wd-products-element\">\n\n\t\t\t\n\t\t\t\n\t\t\t\n\t\t\t\n\t\t\t<div class=\"products wd-products elements-list wd-grid-g\" data-paged=\"1\" data-atts=\"{&quot;carousel_id&quot;:&quot;5000&quot;,&quot;speed&quot;:null,&quot;slides_per_view&quot;:null,&quot;slides_per_view_tablet&quot;:{&quot;size&quot;:&quot;&quot;},&quot;slides_per_view_mobile&quot;:{&quot;size&quot;:&quot;&quot;},&quot;wrap&quot;:null,&quot;loop&quot;:false,&quot;autoplay&quot;:null,&quot;autoheight&quot;:null,&quot;hide_pagination_control&quot;:null,&quot;hide_pagination_control_tablet&quot;:&quot;yes&quot;,&quot;hide_pagination_control_mobile&quot;:&quot;yes&quot;,&quot;dynamic_pagination_control&quot;:null,&quot;hide_prev_next_buttons&quot;:null,&quot;carousel_arrows_position&quot;:null,&quot;hide_scrollbar&quot;:null,&quot;hide_scrollbar_tablet&quot;:&quot;yes&quot;,&quot;hide_scrollbar_mobile&quot;:&quot;yes&quot;,&quot;scroll_per_page&quot;:null,&quot;dragEndSpeed&quot;:200,&quot;center_mode&quot;:null,&quot;custom_sizes&quot;:false,&quot;sliding_speed&quot;:false,&quot;animation&quot;:false,&quot;content_animation&quot;:false,&quot;post_type&quot;:&quot;product&quot;,&quot;slider&quot;:&quot;&quot;,&quot;library&quot;:&quot;&quot;,&quot;css&quot;:&quot;&quot;,&quot;effect&quot;:&quot;&quot;,&quot;spacing&quot;:null,&quot;spacing_tablet&quot;:&quot;&quot;,&quot;spacing_mobile&quot;:&quot;&quot;,&quot;carousel_sync&quot;:null,&quot;sync_parent_id&quot;:null,&quot;sync_child_id&quot;:null,&quot;scroll_carousel_init&quot;:null,&quot;disable_overflow_carousel&quot;:null,&quot;element_title&quot;:&quot;&quot;,&quot;query_post_type&quot;:&quot;product&quot;,&quot;include&quot;:null,&quot;taxonomies&quot;:&quot;&quot;,&quot;offset&quot;:&quot;&quot;,&quot;orderby&quot;:&quot;&quot;,&quot;query_type&quot;:&quot;OR&quot;,&quot;order&quot;:null,&quot;meta_key&quot;:null,&quot;exclude&quot;:&quot;&quot;,&quot;shop_tools&quot;:null,&quot;hide_out_of_stock&quot;:&quot;&quot;,&quot;ajax_recently_viewed&quot;:null,&quot;layout&quot;:&quot;list&quot;,&quot;pagination&quot;:&quot;&quot;,&quot;pagination_arrows_position&quot;:null,&quot;items_per_page&quot;:12,&quot;columns&quot;:null,&quot;columns_tablet&quot;:{&quot;size&quot;:&quot;&quot;},&quot;columns_mobile&quot;:{&quot;size&quot;:&quot;&quot;},&quot;products_masonry&quot;:null,&quot;products_different_sizes&quot;:null,&quot;product_quantity&quot;:&quot;&quot;,&quot;product_hover&quot;:null,&quot;sale_countdown&quot;:&quot;&quot;,&quot;stretch_product&quot;:null,&quot;stretch_product_tablet&quot;:0,&quot;stretch_product_mobile&quot;:0,&quot;stock_progress_bar&quot;:&quot;&quot;,&quot;highlighted_products&quot;:&quot;&quot;,&quot;products_bordered_grid&quot;:&quot;&quot;,&quot;products_bordered_grid_style&quot;:null,&quot;products_with_background&quot;:&quot;&quot;,&quot;products_shadow&quot;:&quot;&quot;,&quot;products_color_scheme&quot;:&quot;dark&quot;,&quot;img_size&quot;:&quot;full&quot;,&quot;img_size_custom&quot;:null,&quot;grid_gallery&quot;:&quot;yes&quot;,&quot;grid_gallery_control&quot;:&quot;&quot;,&quot;grid_gallery_enable_arrows&quot;:&quot;&quot;,&quot;ajax_page&quot;:&quot;&quot;,&quot;force_not_ajax&quot;:&quot;no&quot;,&quot;lazy_loading&quot;:&quot;&quot;,&quot;elementor&quot;:true,&quot;wrapper_classes&quot;:&quot;&quot;}\" data-source=\"shortcode\" data-columns=\"\" data-grid-gallery=\"{&quot;grid_gallery&quot;:&quot;yes&quot;,&quot;grid_gallery_control&quot;:&quot;hover&quot;,&quot;grid_gallery_enable_arrows&quot;:&quot;none&quot;}\" style=\"--wd-col-lg:1;--wd-col-md:1;--wd-col-sm:1;\">\n\t\t\n\t\t\t\t\t\t\t\t<div class=\"wd-product product-list-item wd-col product-grid-item product color-scheme-dark type-product post-9495 status-publish instock product_cat-yachts has-post-thumbnail virtual product-type-simple\" data-loop=\"1\" data-id=\"9495\">\n\t\t\t\t\n\t\n\t<div class=\"product-wrapper\">\n\t\t<div class=\"product-element-top wd-quick-shop\">\n\t\t\t<a href=\"https:\/\/blueviewyachts.com\/en\/urun\/blue-view-g\/\" class=\"product-image-link\">\n\t\t\t\t<img fetchpriority=\"high\" decoding=\"async\" width=\"1000\" height=\"1000\" src=\"https:\/\/blueviewyachts.com\/wp-content\/uploads\/2024\/08\/Blue-View-G.webp\" class=\"attachment-full size-full\" alt=\"\" srcset=\"https:\/\/blueviewyachts.com\/wp-content\/uploads\/2024\/08\/Blue-View-G.webp 1000w, https:\/\/blueviewyachts.com\/wp-content\/uploads\/2024\/08\/Blue-View-G-300x300.webp 300w, https:\/\/blueviewyachts.com\/wp-content\/uploads\/2024\/08\/Blue-View-G-150x150.webp 150w, https:\/\/blueviewyachts.com\/wp-content\/uploads\/2024\/08\/Blue-View-G-768x768.webp 768w, https:\/\/blueviewyachts.com\/wp-content\/uploads\/2024\/08\/Blue-View-G-600x600.webp 600w\" sizes=\"(max-width: 1000px) 100vw, 1000px\" \/>\t\t\t<\/a>\n\n\t\t\t\n\t\t\t<div class=\"wd-buttons wd-pos-r-t\">\n\t\t\t\t\t\t\t\t\t\t<div class=\"quick-view wd-action-btn wd-style-icon wd-quick-view-icon\">\n\t\t\t<a\n\t\t\t\thref=\"https:\/\/blueviewyachts.com\/en\/urun\/blue-view-g\/\"\n\t\t\t\tclass=\"open-quick-view quick-view-button\"\n\t\t\t\trel=\"nofollow\"\n\t\t\t\tdata-id=\"9495\"\n\t\t\t\t>Quick view<\/a>\n\t\t<\/div>\n\t\t\t\t\t\t\t\t\t\t\t\t\t<\/div>\n\t\t<\/div>\n\n\t\t<div class=\"product-list-content wd-scroll\">\n\t\t\t<h3 class=\"wd-entities-title\"><a href=\"https:\/\/blueviewyachts.com\/en\/urun\/blue-view-g\/\">Blue View G<\/a><\/h3>\t\t\t\t\t\t\t\t\t\t\t\t\n\t\t\t\t\t\t<div class=\"woocommerce-product-details__short-description\">\n\t<h5>14 m Length | Table Setting for 6 People | Music | Wifi<\/h5>\n<h4>Blue View G. : Experience Luxury and Comfort Together<\/h4>\n<p> Are you looking for a special and luxurious experience on the blue waters? You can make this dream come true with the <strong>Blue View G.<\/strong>, the pride of Blue View Yachts. With a length of 14 meters, the 2016 model <strong>Blue View G.<\/strong> offers an unforgettable experience to sea enthusiasts with both its modern design and superior equipment.<\/p>\n<\/div>\n\t\t\t\n\t\t\t\n\t\t\t\n\t\t\t<div class=\"wd-add-btn wd-add-btn-replace\">\n\t\t\t\t\n\t\t\t\t\t\t\t<\/div>\n\n\t\t\t\t\t<\/div>\n\t<\/div>\n<\/div>\n\t\t\n\t\t\t\t<\/div>\n\t\n\t\t\n\t\t\n\t\t\t\t\t<\/div>\n\t\t\n\t\t\t\t<\/div>\n\t\t\t\t<\/div>\n\t\t\t\t\t<\/div>\n\t\t\t\t<\/div>\n\t\t\t\t<\/div>\n\t\t","protected":false},"excerpt":{"rendered":"<p>Blue View Yachts YACHTS FOR RENT H\u0131zl\u0131 G\u00f6r\u00fcn\u00fcm Blue View G 14 m Uzunluk | 6 Ki\u015filik Masa D\u00fczeni |<\/p>\n","protected":false},"author":3,"featured_media":0,"parent":0,"menu_order":0,"comment_status":"closed","ping_status":"closed","template":"","meta":{"rank_math_lock_modified_date":false,"footnotes":""},"class_list":["post-9433","page","type-page","status-publish","hentry"],"_links":{"self":[{"href":"https:\/\/blueviewyachts.com\/en\/wp-json\/wp\/v2\/pages\/9433","targetHints":{"allow":["GET"]}}],"collection":[{"href":"https:\/\/blueviewyachts.com\/en\/wp-json\/wp\/v2\/pages"}],"about":[{"href":"https:\/\/blueviewyachts.com\/en\/wp-json\/wp\/v2\/types\/page"}],"author":[{"embeddable":true,"href":"https:\/\/blueviewyachts.com\/en\/wp-json\/wp\/v2\/users\/3"}],"replies":[{"embeddable":true,"href":"https:\/\/blueviewyachts.com\/en\/wp-json\/wp\/v2\/comments?post=9433"}],"version-history":[{"count":2,"href":"https:\/\/blueviewyachts.com\/en\/wp-json\/wp\/v2\/pages\/9433\/revisions"}],"predecessor-version":[{"id":9496,"href":"https:\/\/blueviewyachts.com\/en\/wp-json\/wp\/v2\/pages\/9433\/revisions\/9496"}],"wp:attachment":[{"href":"https:\/\/blueviewyachts.com\/en\/wp-json\/wp\/v2\/media?parent=9433"}],"curies":[{"name":"wp","href":"https:\/\/api.w.org\/{rel}","templated":true}]}}